{"id":4423,"date":"2023-06-22T16:29:23","date_gmt":"2023-06-22T14:29:23","guid":{"rendered":"https:\/\/rcpt.euronaval.fr\/temps-forts\/euronaval-talks\/"},"modified":"2025-11-24T16:40:22","modified_gmt":"2025-11-24T15:40:22","slug":"euronaval-talks","status":"publish","type":"page","link":"https:\/\/rcpt1.euronaval.com\/fr\/temps-forts\/euronaval-talks\/","title":{"rendered":"TV Studio &#8211; Euronaval talks"},"content":{"rendered":"\t\t<div data-elementor-type=\"wp-page\" data-elementor-id=\"4423\" class=\"elementor elementor-4423 elementor-4173\" data-elementor-post-type=\"page\">\n\t\t\t\t<div class=\"elementor-element elementor-element-ce9df38 e-con-full e-flex e-con e-parent\" data-id=\"ce9df38\" data-element_type=\"container\" data-e-type=\"container\" data-settings=\"{&quot;background_background&quot;:&quot;classic&quot;}\">\n\t\t<div class=\"elementor-element elementor-element-0816275 e-flex e-con-boxed e-con e-child\" data-id=\"0816275\" data-element_type=\"container\" data-e-type=\"container\">\n\t\t\t\t\t<div class=\"e-con-inner\">\n\t\t<div class=\"elementor-element elementor-element-e85c4d1 e-con-full e-flex e-con e-child\" data-id=\"e85c4d1\" data-element_type=\"container\" data-e-type=\"container\">\n\t\t\t\t<\/div>\n\t\t\t\t\t<\/div>\n\t\t\t\t<\/div>\n\t\t\t\t<\/div>\n\t\t<div class=\"elementor-element elementor-element-663566e e-flex e-con-boxed e-con e-parent\" data-id=\"663566e\" data-element_type=\"container\" data-e-type=\"container\">\n\t\t\t\t\t<div class=\"e-con-inner\">\n\t\t<div class=\"elementor-element elementor-element-1d0bf8a e-con-full e-flex e-con e-child\" data-id=\"1d0bf8a\" data-element_type=\"container\" data-e-type=\"container\">\n\t\t<div class=\"elementor-element elementor-element-5fdf26d e-con-full e-flex e-con e-child\" data-id=\"5fdf26d\" data-element_type=\"container\" data-e-type=\"container\" data-settings=\"{&quot;background_background&quot;:&quot;classic&quot;}\">\n\t\t\t\t<\/div>\n\t\t<div class=\"elementor-element elementor-element-8c90cba e-con-full e-flex e-con e-child\" data-id=\"8c90cba\" data-element_type=\"container\" data-e-type=\"container\">\n\t\t\t\t<div class=\"elementor-element elementor-element-bfaa692 elementor-widget elementor-widget-text-editor\" data-id=\"bfaa692\" data-element_type=\"widget\" data-e-type=\"widget\" data-widget_type=\"text-editor.default\">\n\t\t\t\t\t\t\t\t\t<p>Pendant les 4 jours du salon, des leaders et des experts internationaux ont partag\u00e9 leurs perspectives et leurs innovations lors de tables rondes, d&rsquo;interviews et de focus th\u00e9matiques.<\/p>\t\t\t\t\t\t\t\t<\/div>\n\t\t<div class=\"elementor-element elementor-element-e952f1d e-con-full e-flex e-con e-child\" data-id=\"e952f1d\" data-element_type=\"container\" data-e-type=\"container\">\n\t\t\t\t<div class=\"elementor-element elementor-element-f80ecaf elementor-widget elementor-widget-text-editor\" data-id=\"f80ecaf\" data-element_type=\"widget\" data-e-type=\"widget\" data-widget_type=\"text-editor.default\">\n\t\t\t\t\t\t\t\t\t<p>EURONAVAL vous offre une exp\u00e9rience unique avec son studio de t\u00e9l\u00e9vision en direct au c\u0153ur de l\u2019exposition.<\/p>\t\t\t\t\t\t\t\t<\/div>\n\t\t\t\t<\/div>\n\t\t\t\t<div class=\"elementor-element elementor-element-1563a91 elementor-widget elementor-widget-text-editor\" data-id=\"1563a91\" data-element_type=\"widget\" data-e-type=\"widget\" data-widget_type=\"text-editor.default\">\n\t\t\t\t\t\t\t\t\t<p>Ce plateau TV est un lieu suppl\u00e9mentaire pour promouvoir les \u00e9changes et les rencontres, en offrant un espace de r\u00e9flexion pour la communaut\u00e9 mondiale de la d\u00e9fense navale et de la s\u00e9curit\u00e9 maritime.<\/p>\t\t\t\t\t\t\t\t<\/div>\n\t\t\t\t<div class=\"elementor-element elementor-element-8a2cd4b elementor-widget elementor-widget-eael-creative-button\" data-id=\"8a2cd4b\" data-element_type=\"widget\" data-e-type=\"widget\" data-widget_type=\"eael-creative-button.default\">\n\t\t\t\t\t        <div class=\"eael-creative-button-wrapper\">\n\n            <a class=\"eael-creative-button eael-creative-button--wayra\" href=\"https:\/\/www.youtube.com\/playlist?list=PLy0zSWxoCLciZIPAVdYJYCkib8XfRmyd7\" target=\"_blank\" data-text=\"Aller!\">\n            \t    \n                <div class=\"creative-button-inner\">\n\n                    \n                    <span class=\"cretive-button-text\">Regarder les interviews et tables rondes<\/span>\n\n                                    <\/div>\n\t                        <\/a>\n        <\/div>\n        \t\t\t\t<\/div>\n\t\t\t\t<div class=\"elementor-element elementor-element-b2b0978 elementor-widget elementor-widget-eael-creative-button\" data-id=\"b2b0978\" data-element_type=\"widget\" data-e-type=\"widget\" data-widget_type=\"eael-creative-button.default\">\n\t\t\t\t\t        <div class=\"eael-creative-button-wrapper\">\n\n            <a class=\"eael-creative-button eael-creative-button--wayra\" href=\"https:\/\/www.youtube.com\/playlist?list=PLy0zSWxoCLchCaWex8_IVzBugsAUBz44Z\" target=\"_blank\" data-text=\"Aller!\">\n            \t    \n                <div class=\"creative-button-inner\">\n\n                    \n                    <span class=\"cretive-button-text\">Regardez Euronaval Talks 2024<\/span>\n\n                                    <\/div>\n\t                        <\/a>\n        <\/div>\n        \t\t\t\t<\/div>\n\t\t\t\t<\/div>\n\t\t\t\t<\/div>\n\t\t\t\t\t<\/div>\n\t\t\t\t<\/div>\n\t\t<div class=\"elementor-element elementor-element-d19f297 e-con-full e-flex e-con e-parent\" data-id=\"d19f297\" data-element_type=\"container\" data-e-type=\"container\">\n\t\t\t\t<div class=\"elementor-element elementor-element-401ec0c elementor-widget__width-initial elementor-widget elementor-widget-heading\" data-id=\"401ec0c\" data-element_type=\"widget\" data-e-type=\"widget\" data-settings=\"{&quot;motion_fx_motion_fx_scrolling&quot;:&quot;yes&quot;,&quot;motion_fx_blur_effect&quot;:&quot;yes&quot;,&quot;motion_fx_blur_range&quot;:{&quot;unit&quot;:&quot;%&quot;,&quot;size&quot;:&quot;&quot;,&quot;sizes&quot;:{&quot;start&quot;:0,&quot;end&quot;:50}},&quot;motion_fx_blur_direction&quot;:&quot;out-in&quot;,&quot;motion_fx_blur_level&quot;:{&quot;unit&quot;:&quot;px&quot;,&quot;size&quot;:7,&quot;sizes&quot;:[]},&quot;motion_fx_devices&quot;:[&quot;desktop&quot;,&quot;tablet&quot;,&quot;mobile&quot;]}\" data-widget_type=\"heading.default\">\n\t\t\t\t\t<h3 class=\"elementor-heading-title elementor-size-default\">Vous avez besoin de plus d'informations ?<\/h3>\t\t\t\t<\/div>\n\t\t\t\t<div class=\"elementor-element elementor-element-58aef43 elementor-widget elementor-widget-eael-creative-button\" data-id=\"58aef43\" data-element_type=\"widget\" data-e-type=\"widget\" data-widget_type=\"eael-creative-button.default\">\n\t\t\t\t\t        <div class=\"eael-creative-button-wrapper\">\n\n            <a class=\"eael-creative-button eael-creative-button--wayra\" href=\"https:\/\/rcpt1.euronaval.com\/practical-informations\/contact-us\/\" data-text=\"Aller!\">\n            \t    \n                <div class=\"creative-button-inner\">\n\n                    \n                    <span class=\"cretive-button-text\">contactez nous<\/span>\n\n                                    <\/div>\n\t                        <\/a>\n        <\/div>\n        \t\t\t\t<\/div>\n\t\t\t\t<\/div>\n\t\t\t\t<\/div>\n\t\t","protected":false},"excerpt":{"rendered":"<p>Pendant les 4 jours du salon, des leaders et des experts internationaux ont partag\u00e9 leurs perspectives et leurs innovations lors de tables rondes, d&rsquo;interviews et de focus th\u00e9matiques. EURONAVAL vous offre une exp\u00e9rience unique avec son studio de t\u00e9l\u00e9vision en direct au c\u0153ur de l\u2019exposition. Ce plateau TV est un lieu suppl\u00e9mentaire pour promouvoir les [&hellip;]<\/p>\n","protected":false},"author":1,"featured_media":0,"parent":4005,"menu_order":0,"comment_status":"closed","ping_status":"closed","template":"","meta":{"_acf_changed":false,"footnotes":"","_links_to":"","_links_to_target":""},"class_list":["post-4423","page","type-page","status-publish","hentry"],"acf":[],"yoast_head":"<!-- This site is optimized with the Yoast SEO plugin v27.1.1 - https:\/\/yoast.com\/product\/yoast-seo-wordpress\/ -->\n<title>Euronaval 2026 - TV studio Talks<\/title>\n<meta name=\"description\" content=\"TV studio - Euronaval Talks: Des vid\u00e9oconf\u00e9rences th\u00e9matiques sont organis\u00e9es chaque trimestre pour les exposants et les visiteurs. Prochains sujets : les tendances du march\u00e9 naval mondial et la guerre des fonds marins.\" \/>\n<meta name=\"robots\" content=\"index, follow, max-snippet:-1, max-image-preview:large, max-video-preview:-1\" \/>\n<link rel=\"canonical\" href=\"https:\/\/rcpt1.euronaval.com\/fr\/temps-forts\/euronaval-talks\/\" \/>\n<meta property=\"og:locale\" content=\"fr_FR\" \/>\n<meta property=\"og:type\" content=\"article\" \/>\n<meta property=\"og:title\" content=\"Euronaval 2026 - TV studio Talks\" \/>\n<meta property=\"og:description\" content=\"TV studio - Euronaval Talks: Des vid\u00e9oconf\u00e9rences th\u00e9matiques sont organis\u00e9es chaque trimestre pour les exposants et les visiteurs. Prochains sujets : les tendances du march\u00e9 naval mondial et la guerre des fonds marins.\" \/>\n<meta property=\"og:url\" content=\"https:\/\/rcpt1.euronaval.com\/fr\/temps-forts\/euronaval-talks\/\" \/>\n<meta property=\"og:site_name\" content=\"Euronaval\" \/>\n<meta property=\"article:publisher\" content=\"https:\/\/www.facebook.com\/people\/Euronaval\/100063477820109\/\" \/>\n<meta property=\"article:modified_time\" content=\"2025-11-24T15:40:22+00:00\" \/>\n<meta name=\"twitter:card\" content=\"summary_large_image\" \/>\n<meta name=\"twitter:site\" content=\"@SalonEuronaval\" \/>\n<meta name=\"twitter:label1\" content=\"Dur\u00e9e de lecture estim\u00e9e\" \/>\n\t<meta name=\"twitter:data1\" content=\"1 minute\" \/>\n<script type=\"application\/ld+json\" class=\"yoast-schema-graph\">{\"@context\":\"https:\/\/schema.org\",\"@graph\":[{\"@type\":\"WebPage\",\"@id\":\"https:\/\/rcpt1.euronaval.com\/fr\/temps-forts\/euronaval-talks\/\",\"url\":\"https:\/\/rcpt1.euronaval.com\/fr\/temps-forts\/euronaval-talks\/\",\"name\":\"Euronaval 2026 - TV studio Talks\",\"isPartOf\":{\"@id\":\"https:\/\/www.euronaval.com\/#website\"},\"datePublished\":\"2023-06-22T14:29:23+00:00\",\"dateModified\":\"2025-11-24T15:40:22+00:00\",\"description\":\"TV studio - Euronaval Talks: Des vid\u00e9oconf\u00e9rences th\u00e9matiques sont organis\u00e9es chaque trimestre pour les exposants et les visiteurs. Prochains sujets : les tendances du march\u00e9 naval mondial et la guerre des fonds marins.\",\"breadcrumb\":{\"@id\":\"https:\/\/rcpt1.euronaval.com\/fr\/temps-forts\/euronaval-talks\/#breadcrumb\"},\"inLanguage\":\"fr-FR\",\"potentialAction\":[{\"@type\":\"ReadAction\",\"target\":[\"https:\/\/rcpt1.euronaval.com\/fr\/temps-forts\/euronaval-talks\/\"]}]},{\"@type\":\"BreadcrumbList\",\"@id\":\"https:\/\/rcpt1.euronaval.com\/fr\/temps-forts\/euronaval-talks\/#breadcrumb\",\"itemListElement\":[{\"@type\":\"ListItem\",\"position\":1,\"name\":\"Accueil\",\"item\":\"https:\/\/www.euronaval.com\/fr\/accueil\/\"},{\"@type\":\"ListItem\",\"position\":2,\"name\":\"Temps forts\",\"item\":\"https:\/\/www.euronaval.com\/fr\/temps-forts\/\"},{\"@type\":\"ListItem\",\"position\":3,\"name\":\"TV Studio &#8211; Euronaval talks\"}]},{\"@type\":\"WebSite\",\"@id\":\"https:\/\/www.euronaval.com\/#website\",\"url\":\"https:\/\/www.euronaval.com\/\",\"name\":\"Euronaval\",\"description\":\"The World Naval Defense Exhibition\",\"publisher\":{\"@id\":\"https:\/\/www.euronaval.com\/#organization\"},\"potentialAction\":[{\"@type\":\"SearchAction\",\"target\":{\"@type\":\"EntryPoint\",\"urlTemplate\":\"https:\/\/www.euronaval.com\/?s={search_term_string}\"},\"query-input\":{\"@type\":\"PropertyValueSpecification\",\"valueRequired\":true,\"valueName\":\"search_term_string\"}}],\"inLanguage\":\"fr-FR\"},{\"@type\":\"Organization\",\"@id\":\"https:\/\/www.euronaval.com\/#organization\",\"name\":\"Euronaval\",\"url\":\"https:\/\/www.euronaval.com\/\",\"logo\":{\"@type\":\"ImageObject\",\"inLanguage\":\"fr-FR\",\"@id\":\"https:\/\/www.euronaval.com\/#\/schema\/logo\/image\/\",\"url\":\"https:\/\/rcpt1.euronaval.com\/wp-content\/uploads\/2023\/06\/cropped-logo-euronaval-1.png\",\"contentUrl\":\"https:\/\/rcpt1.euronaval.com\/wp-content\/uploads\/2023\/06\/cropped-logo-euronaval-1.png\",\"width\":307,\"height\":29,\"caption\":\"Euronaval\"},\"image\":{\"@id\":\"https:\/\/www.euronaval.com\/#\/schema\/logo\/image\/\"},\"sameAs\":[\"https:\/\/www.facebook.com\/people\/Euronaval\/100063477820109\/\",\"https:\/\/x.com\/SalonEuronaval\",\"https:\/\/www.linkedin.com\/company\/euronaval\/\",\"https:\/\/www.youtube.com\/@euronaval8981\"]}]}<\/script>\n<!-- \/ Yoast SEO plugin. -->","yoast_head_json":{"title":"Euronaval 2026 - TV studio Talks","description":"TV studio - Euronaval Talks: Des vid\u00e9oconf\u00e9rences th\u00e9matiques sont organis\u00e9es chaque trimestre pour les exposants et les visiteurs. Prochains sujets : les tendances du march\u00e9 naval mondial et la guerre des fonds marins.","robots":{"index":"index","follow":"follow","max-snippet":"max-snippet:-1","max-image-preview":"max-image-preview:large","max-video-preview":"max-video-preview:-1"},"canonical":"https:\/\/rcpt1.euronaval.com\/fr\/temps-forts\/euronaval-talks\/","og_locale":"fr_FR","og_type":"article","og_title":"Euronaval 2026 - TV studio Talks","og_description":"TV studio - Euronaval Talks: Des vid\u00e9oconf\u00e9rences th\u00e9matiques sont organis\u00e9es chaque trimestre pour les exposants et les visiteurs. Prochains sujets : les tendances du march\u00e9 naval mondial et la guerre des fonds marins.","og_url":"https:\/\/rcpt1.euronaval.com\/fr\/temps-forts\/euronaval-talks\/","og_site_name":"Euronaval","article_publisher":"https:\/\/www.facebook.com\/people\/Euronaval\/100063477820109\/","article_modified_time":"2025-11-24T15:40:22+00:00","twitter_card":"summary_large_image","twitter_site":"@SalonEuronaval","twitter_misc":{"Dur\u00e9e de lecture estim\u00e9e":"1 minute"},"schema":{"@context":"https:\/\/schema.org","@graph":[{"@type":"WebPage","@id":"https:\/\/rcpt1.euronaval.com\/fr\/temps-forts\/euronaval-talks\/","url":"https:\/\/rcpt1.euronaval.com\/fr\/temps-forts\/euronaval-talks\/","name":"Euronaval 2026 - TV studio Talks","isPartOf":{"@id":"https:\/\/www.euronaval.com\/#website"},"datePublished":"2023-06-22T14:29:23+00:00","dateModified":"2025-11-24T15:40:22+00:00","description":"TV studio - Euronaval Talks: Des vid\u00e9oconf\u00e9rences th\u00e9matiques sont organis\u00e9es chaque trimestre pour les exposants et les visiteurs. Prochains sujets : les tendances du march\u00e9 naval mondial et la guerre des fonds marins.","breadcrumb":{"@id":"https:\/\/rcpt1.euronaval.com\/fr\/temps-forts\/euronaval-talks\/#breadcrumb"},"inLanguage":"fr-FR","potentialAction":[{"@type":"ReadAction","target":["https:\/\/rcpt1.euronaval.com\/fr\/temps-forts\/euronaval-talks\/"]}]},{"@type":"BreadcrumbList","@id":"https:\/\/rcpt1.euronaval.com\/fr\/temps-forts\/euronaval-talks\/#breadcrumb","itemListElement":[{"@type":"ListItem","position":1,"name":"Accueil","item":"https:\/\/www.euronaval.com\/fr\/accueil\/"},{"@type":"ListItem","position":2,"name":"Temps forts","item":"https:\/\/www.euronaval.com\/fr\/temps-forts\/"},{"@type":"ListItem","position":3,"name":"TV Studio &#8211; Euronaval talks"}]},{"@type":"WebSite","@id":"https:\/\/www.euronaval.com\/#website","url":"https:\/\/www.euronaval.com\/","name":"Euronaval","description":"The World Naval Defense Exhibition","publisher":{"@id":"https:\/\/www.euronaval.com\/#organization"},"potentialAction":[{"@type":"SearchAction","target":{"@type":"EntryPoint","urlTemplate":"https:\/\/www.euronaval.com\/?s={search_term_string}"},"query-input":{"@type":"PropertyValueSpecification","valueRequired":true,"valueName":"search_term_string"}}],"inLanguage":"fr-FR"},{"@type":"Organization","@id":"https:\/\/www.euronaval.com\/#organization","name":"Euronaval","url":"https:\/\/www.euronaval.com\/","logo":{"@type":"ImageObject","inLanguage":"fr-FR","@id":"https:\/\/www.euronaval.com\/#\/schema\/logo\/image\/","url":"https:\/\/rcpt1.euronaval.com\/wp-content\/uploads\/2023\/06\/cropped-logo-euronaval-1.png","contentUrl":"https:\/\/rcpt1.euronaval.com\/wp-content\/uploads\/2023\/06\/cropped-logo-euronaval-1.png","width":307,"height":29,"caption":"Euronaval"},"image":{"@id":"https:\/\/www.euronaval.com\/#\/schema\/logo\/image\/"},"sameAs":["https:\/\/www.facebook.com\/people\/Euronaval\/100063477820109\/","https:\/\/x.com\/SalonEuronaval","https:\/\/www.linkedin.com\/company\/euronaval\/","https:\/\/www.youtube.com\/@euronaval8981"]}]}},"_links":{"self":[{"href":"https:\/\/rcpt1.euronaval.com\/fr\/wp-json\/wp\/v2\/pages\/4423","targetHints":{"allow":["GET"]}}],"collection":[{"href":"https:\/\/rcpt1.euronaval.com\/fr\/wp-json\/wp\/v2\/pages"}],"about":[{"href":"https:\/\/rcpt1.euronaval.com\/fr\/wp-json\/wp\/v2\/types\/page"}],"author":[{"embeddable":true,"href":"https:\/\/rcpt1.euronaval.com\/fr\/wp-json\/wp\/v2\/users\/1"}],"replies":[{"embeddable":true,"href":"https:\/\/rcpt1.euronaval.com\/fr\/wp-json\/wp\/v2\/comments?post=4423"}],"version-history":[{"count":5,"href":"https:\/\/rcpt1.euronaval.com\/fr\/wp-json\/wp\/v2\/pages\/4423\/revisions"}],"predecessor-version":[{"id":17308,"href":"https:\/\/rcpt1.euronaval.com\/fr\/wp-json\/wp\/v2\/pages\/4423\/revisions\/17308"}],"up":[{"embeddable":true,"href":"https:\/\/rcpt1.euronaval.com\/fr\/wp-json\/wp\/v2\/pages\/4005"}],"wp:attachment":[{"href":"https:\/\/rcpt1.euronaval.com\/fr\/wp-json\/wp\/v2\/media?parent=4423"}],"curies":[{"name":"wp","href":"https:\/\/api.w.org\/{rel}","templated":true}]}}